
{"id":1685,"date":"2015-02-05T15:15:45","date_gmt":"2015-02-05T15:15:45","guid":{"rendered":"http:\/\/caaf.it\/?page_id=1685"},"modified":"2024-02-21T22:04:00","modified_gmt":"2024-02-21T22:04:00","slug":"bozen","status":"publish","type":"page","link":"https:\/\/caaf.it\/de\/sudtirol\/bozen\/","title":{"rendered":"Bozen"},"content":{"rendered":"<section class=\"wpb-content-wrapper\"><p>[vc_row el_class=&#8220;duecolonne&#8220;][vc_column][vc_column_text]<strong>UM SIE, IN DIESER BESONDEREN ZEIT, NOCH BESSER SCH\u00dcTZEN ZU K\u00d6NNEN, HABEN WIR UNSERE STEUERDIENSTE AUCH ONLINE ZUR VERF\u00dcGUNG GESTELLT:<\/strong><\/p>\n<p>Auf <a href=\"http:\/\/digitacgil.it\/\">digitacgil.it<\/a> am PC oder mittels der kostenlosen App DigitaCGIL, die Sie auf ihr Smartphone herunterladen k\u00f6nnen, k\u00f6nnen Sie von zu Hause aus bequem Anfragen stellen, den Stand der Akten nachfragen, Dokumente austauschen und noch viel mehr erledigen \u2026 <strong>sogar die Steuererkl\u00e4rung online machen!<\/strong><\/p>\n<p>Verbinden Sie sich, geben Sie Ihre Steuernummer ein und leiten Sie den Registrierungsvorgang ein.<span class=\"Apple-converted-space\"><br \/>\n<\/span><br \/>\n<a href=\"https:\/\/caaf.it\/wp-content\/uploads\/2020\/05\/Volantino-registr_DIGITA_DE_ese.pdf\">Lesen\u00a0 oder laden Sie hier die Anleitungen herunter<\/a><span class=\"Apple-converted-space\"><br \/>\n<\/span><\/p>\n<div class=\"wpb_text_column wpb_content_element wpb_animate_when_almost_visible wpb_top-to-bottom wpb_start_animation\">\n<div class=\"wpb_wrapper\">\n<p align=\"left\">Der Steuerdienst\u00a0<strong>CAAF des AGB\/CGIL\u00a0<\/strong>ist Bezugspunkt\u00a0f\u00fcr alle Angelegenheiten im Steuerbereich<\/p>\n<p align=\"left\"><strong>BERATUNG UND BEISTAND IM UMGANG MIT DER \u00d6FFENTLICHEN VERWATLUNG<\/strong><\/p>\n<p align=\"left\">\u2013 Wir erleichtern die Erf\u00fcllung Deiner Steuerpflichten, unter Zusicherung der\u00a0zustehenden Steuerabz\u00fcge und -r\u00fcckerstattungen.<\/p>\n<p align=\"left\"><strong>GARANTIE DES SOZIALEN SCHUTZES<\/strong><\/p>\n<p align=\"left\">\u2013 Wir bieten kostenlosen Beistand bei der Gesuchstellung f\u00fcr Leistungen, f\u00fcr welche der ISEE-Indikator bzw. die EEVE\/DURP\u00a0 Erkl\u00e4rung notwendig sind (Mutterschaftsgeld, Preisnachl\u00e4sse auf Strom- und Gasrechnung, Familiengeld der Region und des Landes, Ticketbefreiung f\u00fcr bed\u00fcrftige Personen, usw.)<\/p>\n<p align=\"left\">\u2013 Wir arbeiten Deine Erkl\u00e4rungen f\u00fcr das NISF\/INPS aus, um ein etwaiges Recht\u00a0auf Rentenausgleich, Begleitgeld, Invalidengeld oder Sozialrente zu pr\u00fcfen.<\/p>\n<p align=\"left\"><strong>ANGENEHMES AMBIENTE UND FREUNDLICHKEIT<\/strong><\/p>\n<p align=\"left\">Unsere MitarbeiterInnen garantieren einen pers\u00f6nlichen Steuerbeistand und individuelle\u00a0L\u00f6sungen auf dem letzten Stand der Steuerbestimmungen. All dies mit\u00a0Freundlichkeit, da f\u00fcr uns ein qualitativ hochwertiger Dienst auch Freundlichkeit\u00a0und Respekt gegen\u00fcber eines jeden einzelnen Kunden voraussetzt.<\/p>\n<p align=\"left\"><strong>KOMPETENZ UND ZERTIFIZIRUNG<\/strong><\/p>\n<p align=\"left\">Wir bieten zuverl\u00e4ssige Dienste, die auch einen Versicherungsschutz gegen etwaige\u00a0Berechnungsfehler enthalten. Wir sind ISO 9001:2000 zertifiziert und\u00a0was das Modell 730 betrifft, \u00fcbernehmen wir sogar die Haftung gegen\u00fcber der\u00a0Agentur f\u00fcr Steuereinnahmen.<\/p>\n<p align=\"left\"><strong>BEQUEM UND P\u00dcNKTLICH<\/strong><\/p>\n<p align=\"left\">Unsere Sitze und B\u00fcros sind in allen Landesteilen zu finden und damit einfach\u00a0zu erreichen. Wir arbeiten nach M\u00f6glichkeit mit Terminvereinbarung, um so\u00a0unn\u00f6tige Wartezeiten zu vermeiden und so den Bed\u00fcrfnissen unsere Kunden\u00a0entgegen zu kommen.<\/p>\n<p align=\"left\"><strong>Wir vergessen auch die SOLIDARIT\u00c4T nicht:<\/strong><\/p>\n<p align=\"left\">mit seit 1999 haben wir im in Zusammenarbeit\u00a0dem Triveneto \u00fcber 2 Millionen Euro gesammelt und damit weltweit verschiedene\u00a0Solidarit\u00e4tsprojekte in benachteiligten Gebieten finanziert.<\/p>\n<p align=\"left\"><a href=\"http:\/\/caaf.it\/solidarieta\/\">www.caaf.it\/solidariet\u00e0<\/a><\/p>\n<\/div>\n<\/div>\n<p>[\/vc_column_text][\/vc_column][\/vc_row]<\/p>\n<\/section>","protected":false},"excerpt":{"rendered":"<p>[vc_row el_class=&#8220;duecolonne&#8220;][vc_column][vc_column_text]UM SIE, IN DIESER BESONDEREN ZEIT, NOCH BESSER SCH\u00dcTZEN ZU K\u00d6NNEN, HABEN WIR UNSERE STEUERDIENSTE AUCH ONLINE ZUR VERF\u00dcGUNG GESTELLT: Auf digitacgil.it am PC oder mittels der kostenlosen App DigitaCGIL, die Sie auf ihr Smartphone herunterladen k\u00f6nnen, k\u00f6nnen Sie von zu Hause aus bequem Anfragen stellen, den Stand der Akten nachfragen, Dokumente austauschen und [&hellip;]<\/p>\n","protected":false},"author":18,"featured_media":0,"parent":13527,"menu_order":0,"comment_status":"closed","ping_status":"closed","template":"template\/sedi.php","meta":[],"acf":[],"yoast_head":"<!-- This site is optimized with the Yoast SEO plugin v20.3 - https:\/\/yoast.com\/wordpress\/plugins\/seo\/ -->\n<title>Bozen - CAAF Nordest<\/title>\n<meta name=\"robots\" content=\"index, follow, max-snippet:-1, max-image-preview:large, max-video-preview:-1\" \/>\n<link rel=\"canonical\" href=\"https:\/\/caaf.it\/de\/sudtirol\/bozen\/\" \/>\n<meta property=\"og:locale\" content=\"de_DE\" \/>\n<meta property=\"og:type\" content=\"article\" \/>\n<meta property=\"og:title\" content=\"Bozen - CAAF Nordest\" \/>\n<meta property=\"og:description\" content=\"[vc_row el_class=&#8220;duecolonne&#8220;][vc_column][vc_column_text]UM SIE, IN DIESER BESONDEREN ZEIT, NOCH BESSER SCH\u00dcTZEN ZU K\u00d6NNEN, HABEN WIR UNSERE STEUERDIENSTE AUCH ONLINE ZUR VERF\u00dcGUNG GESTELLT: Auf digitacgil.it am PC oder mittels der kostenlosen App DigitaCGIL, die Sie auf ihr Smartphone herunterladen k\u00f6nnen, k\u00f6nnen Sie von zu Hause aus bequem Anfragen stellen, den Stand der Akten nachfragen, Dokumente austauschen und [&hellip;]\" \/>\n<meta property=\"og:url\" content=\"https:\/\/caaf.it\/de\/sudtirol\/bozen\/\" \/>\n<meta property=\"og:site_name\" content=\"CAAF Nordest\" \/>\n<meta property=\"article:publisher\" content=\"https:\/\/www.facebook.com\/caafcgilnordest\/\" \/>\n<meta property=\"article:modified_time\" content=\"2024-02-21T22:04:00+00:00\" \/>\n<meta name=\"twitter:label1\" content=\"Gesch\u00e4tzte Lesezeit\" \/>\n\t<meta name=\"twitter:data1\" content=\"2 Minuten\" \/>\n<script type=\"application\/ld+json\" class=\"yoast-schema-graph\">{\"@context\":\"https:\/\/schema.org\",\"@graph\":[{\"@type\":\"WebPage\",\"@id\":\"https:\/\/caaf.it\/de\/sudtirol\/bozen\/\",\"url\":\"https:\/\/caaf.it\/de\/sudtirol\/bozen\/\",\"name\":\"Bozen - CAAF Nordest\",\"isPartOf\":{\"@id\":\"https:\/\/caaf.it\/#website\"},\"datePublished\":\"2015-02-05T15:15:45+00:00\",\"dateModified\":\"2024-02-21T22:04:00+00:00\",\"breadcrumb\":{\"@id\":\"https:\/\/caaf.it\/de\/sudtirol\/bozen\/#breadcrumb\"},\"inLanguage\":\"de-DE\",\"potentialAction\":[{\"@type\":\"ReadAction\",\"target\":[\"https:\/\/caaf.it\/de\/sudtirol\/bozen\/\"]}]},{\"@type\":\"BreadcrumbList\",\"@id\":\"https:\/\/caaf.it\/de\/sudtirol\/bozen\/#breadcrumb\",\"itemListElement\":[{\"@type\":\"ListItem\",\"position\":1,\"name\":\"Home\",\"item\":\"https:\/\/caaf.it\/\"},{\"@type\":\"ListItem\",\"position\":2,\"name\":\"S\u00dcDTIROL\",\"item\":\"https:\/\/caaf.it\/alto-adige-sudtirol\/\"},{\"@type\":\"ListItem\",\"position\":3,\"name\":\"Bozen\"}]},{\"@type\":\"WebSite\",\"@id\":\"https:\/\/caaf.it\/#website\",\"url\":\"https:\/\/caaf.it\/\",\"name\":\"CAAF Nordest\",\"description\":\"Servizi fiscali\",\"publisher\":{\"@id\":\"https:\/\/caaf.it\/#organization\"},\"potentialAction\":[{\"@type\":\"SearchAction\",\"target\":{\"@type\":\"EntryPoint\",\"urlTemplate\":\"https:\/\/caaf.it\/?s={search_term_string}\"},\"query-input\":\"required name=search_term_string\"}],\"inLanguage\":\"de-DE\"},{\"@type\":\"Organization\",\"@id\":\"https:\/\/caaf.it\/#organization\",\"name\":\"CAAF Nordest\",\"url\":\"https:\/\/caaf.it\/\",\"logo\":{\"@type\":\"ImageObject\",\"inLanguage\":\"de-DE\",\"@id\":\"https:\/\/caaf.it\/#\/schema\/logo\/image\/\",\"url\":\"https:\/\/caaf.it\/wp-content\/uploads\/2015\/02\/Logo-CGIL-CAAF-nordest.png\",\"contentUrl\":\"https:\/\/caaf.it\/wp-content\/uploads\/2015\/02\/Logo-CGIL-CAAF-nordest.png\",\"width\":396,\"height\":545,\"caption\":\"CAAF Nordest\"},\"image\":{\"@id\":\"https:\/\/caaf.it\/#\/schema\/logo\/image\/\"},\"sameAs\":[\"https:\/\/www.facebook.com\/caafcgilnordest\/\"]}]}<\/script>\n<!-- \/ Yoast SEO plugin. -->","yoast_head_json":{"title":"Bozen - CAAF Nordest","robots":{"index":"index","follow":"follow","max-snippet":"max-snippet:-1","max-image-preview":"max-image-preview:large","max-video-preview":"max-video-preview:-1"},"canonical":"https:\/\/caaf.it\/de\/sudtirol\/bozen\/","og_locale":"de_DE","og_type":"article","og_title":"Bozen - CAAF Nordest","og_description":"[vc_row el_class=&#8220;duecolonne&#8220;][vc_column][vc_column_text]UM SIE, IN DIESER BESONDEREN ZEIT, NOCH BESSER SCH\u00dcTZEN ZU K\u00d6NNEN, HABEN WIR UNSERE STEUERDIENSTE AUCH ONLINE ZUR VERF\u00dcGUNG GESTELLT: Auf digitacgil.it am PC oder mittels der kostenlosen App DigitaCGIL, die Sie auf ihr Smartphone herunterladen k\u00f6nnen, k\u00f6nnen Sie von zu Hause aus bequem Anfragen stellen, den Stand der Akten nachfragen, Dokumente austauschen und [&hellip;]","og_url":"https:\/\/caaf.it\/de\/sudtirol\/bozen\/","og_site_name":"CAAF Nordest","article_publisher":"https:\/\/www.facebook.com\/caafcgilnordest\/","article_modified_time":"2024-02-21T22:04:00+00:00","twitter_misc":{"Gesch\u00e4tzte Lesezeit":"2 Minuten"},"schema":{"@context":"https:\/\/schema.org","@graph":[{"@type":"WebPage","@id":"https:\/\/caaf.it\/de\/sudtirol\/bozen\/","url":"https:\/\/caaf.it\/de\/sudtirol\/bozen\/","name":"Bozen - CAAF Nordest","isPartOf":{"@id":"https:\/\/caaf.it\/#website"},"datePublished":"2015-02-05T15:15:45+00:00","dateModified":"2024-02-21T22:04:00+00:00","breadcrumb":{"@id":"https:\/\/caaf.it\/de\/sudtirol\/bozen\/#breadcrumb"},"inLanguage":"de-DE","potentialAction":[{"@type":"ReadAction","target":["https:\/\/caaf.it\/de\/sudtirol\/bozen\/"]}]},{"@type":"BreadcrumbList","@id":"https:\/\/caaf.it\/de\/sudtirol\/bozen\/#breadcrumb","itemListElement":[{"@type":"ListItem","position":1,"name":"Home","item":"https:\/\/caaf.it\/"},{"@type":"ListItem","position":2,"name":"S\u00dcDTIROL","item":"https:\/\/caaf.it\/alto-adige-sudtirol\/"},{"@type":"ListItem","position":3,"name":"Bozen"}]},{"@type":"WebSite","@id":"https:\/\/caaf.it\/#website","url":"https:\/\/caaf.it\/","name":"CAAF Nordest","description":"Servizi fiscali","publisher":{"@id":"https:\/\/caaf.it\/#organization"},"potentialAction":[{"@type":"SearchAction","target":{"@type":"EntryPoint","urlTemplate":"https:\/\/caaf.it\/?s={search_term_string}"},"query-input":"required name=search_term_string"}],"inLanguage":"de-DE"},{"@type":"Organization","@id":"https:\/\/caaf.it\/#organization","name":"CAAF Nordest","url":"https:\/\/caaf.it\/","logo":{"@type":"ImageObject","inLanguage":"de-DE","@id":"https:\/\/caaf.it\/#\/schema\/logo\/image\/","url":"https:\/\/caaf.it\/wp-content\/uploads\/2015\/02\/Logo-CGIL-CAAF-nordest.png","contentUrl":"https:\/\/caaf.it\/wp-content\/uploads\/2015\/02\/Logo-CGIL-CAAF-nordest.png","width":396,"height":545,"caption":"CAAF Nordest"},"image":{"@id":"https:\/\/caaf.it\/#\/schema\/logo\/image\/"},"sameAs":["https:\/\/www.facebook.com\/caafcgilnordest\/"]}]}},"_links":{"self":[{"href":"https:\/\/caaf.it\/de\/wp-json\/wp\/v2\/pages\/1685"}],"collection":[{"href":"https:\/\/caaf.it\/de\/wp-json\/wp\/v2\/pages"}],"about":[{"href":"https:\/\/caaf.it\/de\/wp-json\/wp\/v2\/types\/page"}],"author":[{"embeddable":true,"href":"https:\/\/caaf.it\/de\/wp-json\/wp\/v2\/users\/18"}],"replies":[{"embeddable":true,"href":"https:\/\/caaf.it\/de\/wp-json\/wp\/v2\/comments?post=1685"}],"version-history":[{"count":147,"href":"https:\/\/caaf.it\/de\/wp-json\/wp\/v2\/pages\/1685\/revisions"}],"predecessor-version":[{"id":11950,"href":"https:\/\/caaf.it\/de\/wp-json\/wp\/v2\/pages\/1685\/revisions\/11950"}],"up":[{"embeddable":true,"href":"https:\/\/caaf.it\/de\/wp-json\/wp\/v2\/pages\/13527"}],"wp:attachment":[{"href":"https:\/\/caaf.it\/de\/wp-json\/wp\/v2\/media?parent=1685"}],"curies":[{"name":"wp","href":"https:\/\/api.w.org\/{rel}","templated":true}]}}